{"id":1537,"date":"2022-07-18T09:17:50","date_gmt":"2022-07-18T09:17:50","guid":{"rendered":"https:\/\/wertheim-new.rrota.com\/home\/"},"modified":"2022-07-18T09:17:50","modified_gmt":"2022-07-18T09:17:50","slug":"home","status":"publish","type":"page","link":"https:\/\/wertheim-new.rrota.com\/en\/","title":{"rendered":"Startseite"},"content":{"rendered":"\r\n\r\n    <section class=\"history-intro\">\r\n        <div class=\"container\">\r\n            <div class=\"row history-intro-wrapper\">\r\n                <div class=\"col-lg-6 text-part\">\r\n                    <div class=\"content\">\r\n                                                    <h2 class=\"section-title\">\r\n                                                                    <span class=\"dark-part d-none d-lg-block\">Wertheim<\/span>\r\n                                \r\n                                                                    <span class=\"light-part d-none d-lg-block\">Seit 1852<\/span>\r\n                                \r\n                                <!-- mobile -->\r\n                                                                    <span class=\"dark-part d-lg-none\">Wertheim<\/span>\r\n                                \r\n                                                                    <span class=\"light-part d-lg-none\">Seit 1852<\/span>\r\n                                                            <\/h2>\r\n                        \r\n                                                    <div class=\"general-richtext\">\r\n                                <p>Wertheim ist ein familiengef\u00fchrtes Traditionsunternehmen, das auf eine lange Historie zur\u00fcckblickt. 1852 von Franz Wertheim, zur Erzeugung von \u201efeuersicheren Cassen\u201c, gegr\u00fcndet, entwickelte sich das Unternehmen stets weiter und \u00fcberzeugt bis heute mit h\u00f6chster Qualit\u00e4t, Pr\u00e4zision und hohen Sicherheitsstandards. Mit der Erschlie\u00dfung neuer Gesch\u00e4ftsfelder wurde das Produktsortiment laufend erweitert, so dass der heutige Firmenverband neben dem Kerngesch\u00e4ft Tresore, Wertschutzr\u00e4ume und Bankprodukte auch Lohnfertigungen von Halb- und Fertigfabrikaten f\u00fcr Dritte anbietet sowie Objekteinrichtungen und Sicherheitst\u00fcren produziert.<\/p>\n                            <\/div>\r\n                        \r\n                                                    <div class=\"button-signature\">\r\n                                <a href=\"https:\/\/wertheim-new.rrota.com\/unternehmen\/\" class=\"general-btn uppercase\">Mehr infos<\/a>\r\n\r\n                                                                    <p class=\"signature\">\r\n                                        Franz Wertheim\r\n                                                                                    <span class=\"year\">1852<\/span>\r\n                                                                            <\/p>\r\n                                                            <\/div>\r\n                        \r\n                    <\/div>\r\n                <\/div>\r\n\r\n                                    <div class=\"col-lg-6 image-part\">\r\n                        <img decoding=\"async\" src=\"https:\/\/wertheim-new.rrota.com\/wp-content\/uploads\/2022\/07\/franz_wertheim.png\" alt=\"wertheim founder\" srcset=\"https:\/\/wertheim-new.rrota.com\/wp-content\/uploads\/2022\/07\/franz_wertheim.png 720w, https:\/\/wertheim-new.rrota.com\/wp-content\/uploads\/2022\/07\/franz_wertheim-603x675.png 603w, https:\/\/wertheim-new.rrota.com\/wp-content\/uploads\/2022\/07\/franz_wertheim-386x432.png 386w\" class=\"img\">\r\n                    <\/div>\r\n                            <\/div>\r\n        <\/div>\r\n    <\/section>\r\n\r\n\n\n\r\n    <section class=\"why-wertheim black\">\r\n        <div class=\"container\">\r\n            <div class=\"row\">\r\n                <div class=\"col-12 title-holder\">\r\n                    <h2 class=\"section-title\">\r\n                        <span class=\"dark-part d-none d-lg-block\">Vier Gr\u00fcnde <\/span>\r\n                                                    <span class=\"light-part d-none d-lg-block\">F\u00fcr wertheim<\/span>\r\n                        \r\n                        <span class=\"dark-part d-lg-none\">Vier Gr\u00fcnde <\/span>\r\n\r\n                                                    <span class=\"light-part d-lg-none\">F\u00fcr wertheim<\/span>\r\n                                            <\/h2>\r\n                <\/div>\r\n            <\/div>\r\n\r\n            <div class=\"row reasons-holder\">\r\n                \r\n                    \r\n                                            <div class=\"col-lg-6 reason-item\">\r\n                                                            <img decoding=\"async\" src=\"https:\/\/wertheim-new.rrota.com\/wp-content\/uploads\/2022\/07\/traditionsunternehmen_icon.svg\" alt=\"safe icon\" class=\"reason-img\">\r\n                                    \r\n                            <div class=\"content\">\r\n                                                                    <h4 class=\"reason-title d-none d-lg-block\">Traditionsunternehmen<\/h4>\r\n                                \r\n                                                                    <h4 class=\"reason-title d-lg-none\">Traditions-<br \/>\r\nunternehmen<\/h4>\r\n                                        \r\n                                                                    <div class=\"general-richtext\">\r\n                                        <p>1852 von Franz Wertheim gegr\u00fcndet ist Wertheim bis heute ein familiengef\u00fchrtes Unternehmen mit Hauptsitz in \u00d6sterreich, Produktionsstandorten in der Slowakei und einem internationalen H\u00e4ndlernetz.<\/p>\n                                    <\/div>\r\n                                                            <\/div>\r\n                        <\/div>\r\n                                    \r\n                    \r\n                                            <div class=\"col-lg-6 reason-item\">\r\n                                                            <img decoding=\"async\" src=\"https:\/\/wertheim-new.rrota.com\/wp-content\/uploads\/2022\/07\/pencil_ruler_icon.svg\" alt=\"pen and ruler\" class=\"reason-img\">\r\n                                    \r\n                            <div class=\"content\">\r\n                                                                    <h4 class=\"reason-title d-none d-lg-block\">Designed in \u00d6sterreich<\/h4>\r\n                                \r\n                                                                    <h4 class=\"reason-title d-lg-none\">Designed in <br \/>\r\n\u00d6sterreich<\/h4>\r\n                                        \r\n                                                                    <div class=\"general-richtext\">\r\n                                        <p>Alle Tresore und Wertschutzschr\u00e4nke werden in \u00d6sterreich entwickelt und in Europa produziert. Das garantiert eine optimale Qualit\u00e4tskontrolle und Sicherheitsstandards.<\/p>\n                                    <\/div>\r\n                                                            <\/div>\r\n                        <\/div>\r\n                                    \r\n                    \r\n                                            <div class=\"col-lg-6 reason-item\">\r\n                                                            <img decoding=\"async\" src=\"https:\/\/wertheim-new.rrota.com\/wp-content\/uploads\/2022\/07\/zertifizierte_icon.svg\" alt=\"certificate\" class=\"reason-img\">\r\n                                    \r\n                            <div class=\"content\">\r\n                                                                    <h4 class=\"reason-title d-none d-lg-block\">Zertifizierte Qualit\u00e4t<\/h4>\r\n                                \r\n                                                                    <h4 class=\"reason-title d-lg-none\">Zertifizierte<br \/>\r\nQualit\u00e4t<\/h4>\r\n                                        \r\n                                                                    <div class=\"general-richtext\">\r\n                                        <p>Wertheim Wertschutzschr\u00e4nke werden aus hochwertigen Materialien hergestellt und anspruchsvollen Sicherheitspr\u00fcfungen unterzogen. Die Wertbeh\u00e4ltnisse werden in unabh\u00e4ngigen Pr\u00fcflabors gegen mechanisch und thermisch wirkende Einbruchswerkzeuge getestet und m\u00fcssen ihre Widerstandskraft unter Beweis stellen.<\/p>\n                                    <\/div>\r\n                                                            <\/div>\r\n                        <\/div>\r\n                                    \r\n                    \r\n                                            <div class=\"col-lg-6 reason-item\">\r\n                                                            <img decoding=\"async\" src=\"https:\/\/wertheim-new.rrota.com\/wp-content\/uploads\/2022\/07\/diamond_icon.svg\" alt=\"diamond\" class=\"reason-img\">\r\n                                    \r\n                            <div class=\"content\">\r\n                                                                    <h4 class=\"reason-title d-none d-lg-block\">Individuelle L\u00f6sungen<\/h4>\r\n                                \r\n                                                                    <h4 class=\"reason-title d-lg-none\">Individuelle<br \/>\r\nL\u00f6sungen<\/h4>\r\n                                        \r\n                                                                    <div class=\"general-richtext\">\r\n                                        <p>Neben einer gro\u00dfen Modellvielfalt haben Sie auch die M\u00f6glichkeit jeden Tresor und Wertschutzschrank ganz nach Ihren individuellen W\u00fcnschen zu gestalten. Egal ob ausgefallene Lackierung, Sonderma\u00dfe, oder eine extravagante Holzeinrichtung, angefertigt von unserer hauseigenen Tischlerei.<\/p>\n                                    <\/div>\r\n                                                            <\/div>\r\n                        <\/div>\r\n                                                <\/div>\r\n        <\/div>\r\n    <\/section>\r\n\n\n\r\n    <section class=\"left-right-section reverse\">\r\n        <div class=\"container\">\r\n            <div class=\"row switch-columns\">\r\n\r\n                <div class=\"col-lg-6 left-side\">\r\n                    <h2 class=\"section-title\">\r\n                        <span class=\"dark-part d-none d-md-block\">Tresore und<\/span>\r\n                                                    <span class=\"light-part d-none d-md-block\">Wertschutzr\u00e4ume<\/span>\r\n                        \r\n                        <span class=\"dark-part d-md-none\">Tresore und<\/span>\r\n\r\n                                                    <span class=\"light-part d-md-none\">Wertschutzr\u00e4ume<\/span>\r\n                                            <\/h2>\r\n\r\n                                            <div class=\"general-richtext\">\r\n                            <p>Seit 1852 steht ein Tresor der Firma Wertheim f\u00fcr Qualit\u00e4t und Sicherheit. Von der Entwicklung \u00fcber die Produktion bis hin zu Vertrieb und Service &#8211; alles aus einer Hand.<\/p>\n                        <\/div>\r\n                    \r\n                                    <\/div>\r\n\r\n                <!-- image -->\r\n                \r\n                <!-- video -->\r\n                                    <div class=\"col-lg-6 right-side video-wrapper\">\r\n                                                    <a href=\"javascript:void(0);\" data-url=\"https:\/\/www.youtube.com\/watch?v=_mQBovFAQic\" class=\"video-card trigger-video\">\r\n                                <div class=\"image-holder\">\r\n                                                                            <img decoding=\"async\" src=\"https:\/\/wertheim-new.rrota.com\/wp-content\/uploads\/2022\/07\/Impressum_banner_image.jpg\" alt=\"Schauraum\" srcset=\"https:\/\/wertheim-new.rrota.com\/wp-content\/uploads\/2022\/07\/Impressum_banner_image.jpg 1920w, https:\/\/wertheim-new.rrota.com\/wp-content\/uploads\/2022\/07\/Impressum_banner_image-1200x675.jpg 1200w, https:\/\/wertheim-new.rrota.com\/wp-content\/uploads\/2022\/07\/Impressum_banner_image-768x432.jpg 768w\" class=\"video-img\">\r\n                                    \r\n                                    <div class=\"play-btn\"><\/div>\r\n                                <\/div>\r\n                            <\/a>\r\n                                            <\/div>\r\n                \r\n                <!-- bg content -->\r\n                            <\/div>\r\n        <\/div>\r\n    <\/section>\r\n\n\n\r\n    <section class=\"left-right-section \">\r\n        <div class=\"container\">\r\n            <div class=\"row switch-columns\">\r\n\r\n                <div class=\"col-lg-6 left-side\">\r\n                    <h2 class=\"section-title\">\r\n                        <span class=\"dark-part d-none d-md-block\">Kontaktieren<\/span>\r\n                                                    <span class=\"light-part d-none d-md-block\">Sie uns<\/span>\r\n                        \r\n                        <span class=\"dark-part d-md-none\">Kontaktieren<\/span>\r\n\r\n                                                    <span class=\"light-part d-md-none\">Sie uns<\/span>\r\n                                            <\/h2>\r\n\r\n                                            <div class=\"general-richtext\">\r\n                            <p>Bei Fragen rund um unsere Leistungen, Produkte\/Projekte und unser Unternehmen freuen wir uns auf Ihren Anruf oder Ihre E-Mail.<\/p>\n                        <\/div>\r\n                    \r\n                                            <div class=\"buttons-holder\">\r\n                                                            <a href=\"tel:+4322363203500\" class=\"general-btn tel\"><span>+43 (0)2236 320 350 &#8211; 0<\/span><\/a>\r\n                            \r\n                                                            <a href=\"mailto:office@wertheim.at\" class=\"general-btn email\"><span>office@wertheim.at<\/span><\/a>\r\n                                                    <\/div>\r\n                                    <\/div>\r\n\r\n                <!-- image -->\r\n                                    <div class=\"col-lg-6 right-side image-only\">\r\n                                                    <img decoding=\"async\" src=\"https:\/\/wertheim-new.rrota.com\/wp-content\/uploads\/2022\/07\/wertheim_building.jpg\" alt=\"Headquarters Guntramsdorf\" srcset=\"https:\/\/wertheim-new.rrota.com\/wp-content\/uploads\/2022\/07\/wertheim_building.jpg 1920w, https:\/\/wertheim-new.rrota.com\/wp-content\/uploads\/2022\/07\/wertheim_building-1200x675.jpg 1200w, https:\/\/wertheim-new.rrota.com\/wp-content\/uploads\/2022\/07\/wertheim_building-768x432.jpg 768w\">\r\n                                            <\/div>\r\n                \r\n                <!-- video -->\r\n                \r\n                <!-- bg content -->\r\n                            <\/div>\r\n        <\/div>\r\n    <\/section>\r\n","protected":false},"excerpt":{"rendered":"","protected":false},"author":1,"featured_media":0,"parent":0,"menu_order":0,"comment_status":"closed","ping_status":"closed","template":"","meta":{"footnotes":""},"class_list":["post-1537","page","type-page","status-publish","hentry"],"acf":[],"_links":{"self":[{"href":"https:\/\/wertheim-new.rrota.com\/en\/wp-json\/wp\/v2\/pages\/1537","targetHints":{"allow":["GET"]}}],"collection":[{"href":"https:\/\/wertheim-new.rrota.com\/en\/wp-json\/wp\/v2\/pages"}],"about":[{"href":"https:\/\/wertheim-new.rrota.com\/en\/wp-json\/wp\/v2\/types\/page"}],"author":[{"embeddable":true,"href":"https:\/\/wertheim-new.rrota.com\/en\/wp-json\/wp\/v2\/users\/1"}],"replies":[{"embeddable":true,"href":"https:\/\/wertheim-new.rrota.com\/en\/wp-json\/wp\/v2\/comments?post=1537"}],"version-history":[{"count":0,"href":"https:\/\/wertheim-new.rrota.com\/en\/wp-json\/wp\/v2\/pages\/1537\/revisions"}],"wp:attachment":[{"href":"https:\/\/wertheim-new.rrota.com\/en\/wp-json\/wp\/v2\/media?parent=1537"}],"curies":[{"name":"wp","href":"https:\/\/api.w.org\/{rel}","templated":true}]}}