{"id":1007,"date":"2022-07-19T11:44:40","date_gmt":"2022-07-19T11:44:40","guid":{"rendered":"https:\/\/wertheim-new.rrota.com\/impressum\/"},"modified":"2022-09-05T14:08:57","modified_gmt":"2022-09-05T14:08:57","slug":"impressum","status":"publish","type":"page","link":"https:\/\/wertheim-new.rrota.com\/en\/impressum\/","title":{"rendered":"Impressum"},"content":{"rendered":"\r\n    <section class=\"richtext-section\">\r\n        <div class=\"container\">\r\n            <div class=\"row\">\r\n                <div class=\"col-12\">\r\n                    \r\n                                            <div class=\"general-richtext\">\r\n                            <h4>Wertheim Vertriebsgesellschaft m. b. H.<\/h4>\n<p>&nbsp;<\/p>\n<p>Wertheim Vertriebsgesellschaft m.b.H.<\/p>\n<p>Danfoss-Stra\u00dfe 6<\/p>\n<p>2353 Guntramsdorf<\/p>\n<p>&nbsp;<\/p>\n<p>Firmenbuch FN 388013 h, Landesgericht Wr. Neustadt<\/p>\n<p>&nbsp;<\/p>\n<p>Tel. +43 (0)2236 320 350 \u2013 0<\/p>\n<p>Fax +43 (0)2236 320 350 \u2013 21<\/p>\n<p>Email: office@wertheim.at<\/p>\n<p>&nbsp;<\/p>\n<p>Gesch\u00e4ftsf\u00fchrung: Dipl.-Ing. MBA Roman Foramitti, Martina Lunzer, Dipl.-Ing. Martin Perndl<\/p>\n<p>&nbsp;<\/p>\n<p>Unternehmensgegenstand: Fabrikm\u00e4\u00dfige Erzeugung von Kassen, Sicherheitst\u00fcren, Bankeinrichtungen, Schlie\u00dff\u00e4chern, Panzerungen, Blechwaren aller Art sowie Einrichtungen aller Art<\/p>\n<p>&nbsp;<\/p>\n<p>UID-Nummer: ATU67546925<\/p>\n<p>&nbsp;<\/p>\n<p>Mitglied bei: WKN\u00d6, FG Holzindustrie, FG Metalltechnische Industrie<\/p>\n<p>&nbsp;<\/p>\n<p>Berufsrecht: Gewerbeordnung www.ris.bka.gv.at<\/p>\n<p>&nbsp;<\/p>\n<p>Aufsichtsbeh\u00f6rde\/Gewerbebeh\u00f6rde: Bezirkshauptmannschaft M\u00f6dling<\/p>\n<p>&nbsp;<\/p>\n<p>Alle Angaben in diesem Dokument entsprechen dem aktuellen Wissensstand, sind aber ohne Gew\u00e4hr und erfolgen unter Ausschluss jeglicher Haftung. \u00c4nderungen, Erg\u00e4nzungen oder Berichtigungen k\u00f6nnen ohne Ank\u00fcndigung erfolgen.<\/p>\n                        <\/div>\r\n                    \r\n                                    <\/div>\r\n            <\/div>\r\n        <\/div>\r\n    <\/section>\r\n\r\n    <section class=\"richtext-section\">\r\n        <div class=\"container\">\r\n            <div class=\"row\">\r\n                <div class=\"col-12\">\r\n                                            <h2 class=\"section-title\">\r\n                                                            <span class=\"dark-part\">Agb<\/span>\r\n                                                                                <\/h2>\r\n                    \r\n                                            <div class=\"general-richtext\">\r\n                            <p>Bitte klicken Sie auf den Button, um zu den AGB der Wertheim Vertriebs GmbH zu gelangen.<\/p>\n                        <\/div>\r\n                    \r\n                                            <div class=\"document-holder\">\r\n                            <a href=\"https:\/\/wertheim-new.rrota.com\/wp-content\/uploads\/2022\/08\/Lieferbedingungen-Danfoss-Strase.pdf\" class=\"general-btn document\" target=\"_blank\"><span>Allgemeine Gesch\u00e4ftsbedingungen<\/span><\/a>\r\n                        <\/div>\r\n                                    <\/div>\r\n            <\/div>\r\n        <\/div>\r\n    <\/section>\r\n\r\n    <section class=\"richtext-section\">\r\n        <div class=\"container\">\r\n            <div class=\"row\">\r\n                <div class=\"col-12\">\r\n                                            <h2 class=\"section-title\">\r\n                                                            <span class=\"dark-part\">DSGVO<\/span>\r\n                                                                                <\/h2>\r\n                    \r\n                                            <div class=\"general-richtext\">\r\n                            <p><strong>Verantwortlicher f\u00fcr die Datenverarbeitung:<\/strong><\/p>\n<p>Wertheim Vertriebsgesellschaft m.b.H. (FN 388013h), Danfoss-Stra\u00dfe 6, 2353 Guntramsdorf<\/p>\n<p>Tel. +43 (0)2236 320 350 &#8211; 0, Fax +43 (0)2236 320 350 &#8211; 21, Email: office@wertheim.at<\/p>\n<p>&nbsp;<\/p>\n<p><strong>F\u00fcr Interessenten, Vertriebspartner, Kunden und Lieferanten gilt:<\/strong><\/p>\n<p>Wir speichern von Ihnen jene Daten, die zur wechselseitigen Angebotslegung und\/oder Vertragserf\u00fcllung erforderlich sind. Hierbei handelt es sich um folgende Datenkategorien: Kunden- bzw. Lieferantenstammdaten, Kontaktdaten von Ihren Mitarbeitern, Vertragsdaten bzw. jene Daten, die Sie uns zB per Email \u00fcbermitteln. Wir verarbeiten keine sensiblen Daten. Die Daten werden von uns gel\u00f6scht, sobald eine Speicherung nicht mehr erforderlich ist, bzw. gesetzliche, wie z. B. umsatzsteuerrechtliche Aufbewahrungspflichten abgelaufen sind. Eine Weitergabe an Dritte erfolgt \u2013 au\u00dfer in gesetzlich vorgeschriebenen F\u00e4llen &#8211; nur nach Ihrer jeweiligen Einwilligung bzw. an vertraglich gebundene Auftragsverarbeiter. Rechtsgrundlagen: Art. 6 Abs. 1 lit b, c, f; bei Einwilligungen Art 6 Abs. 1 lit a DS-GVO<\/p>\n<p>&nbsp;<\/p>\n<p><strong>Cookies<\/strong><\/p>\n<p>Bei der Nutzung unserer Website wird ein Cookie auf Ihrem Rechner gespeichert. Bei Cookies handelt es sich um kleine Textdateien, die auf Ihrer Festplatte dem von Ihnen verwendeten Browser zugeordnet gespeichert werden und durch welche der Stelle, die das Cookie setzt (hier durch uns), bestimmte Informationen zuflie\u00dfen. Cookies k\u00f6nnen keine Programme ausf\u00fchren oder Viren auf Ihren Computer \u00fcbertragen. Sie dienen dazu, das Internetangebot insgesamt nutzerfreundlicher und effektiver zu machen. Rechtsgrundlage: Art. 6 Abs. 1 lit. f. Unsere Website nutzt ein Session-Cookie der Art TYPO3. Dieses speichert eine sogenannte Session-ID, mit welcher sich verschiedene Anfragen Ihres Browsers der gemeinsamen Sitzung zuordnen lassen. Dadurch kann Ihr Rechner wiedererkannt werden, wenn Sie auf unsere Website zur\u00fcckkehren. Das Cookie wird automatisiert gel\u00f6scht, wenn Sie den Browser schlie\u00dfen<\/p>\n<p>&nbsp;<\/p>\n<p><strong>Browser Einstellungen<\/strong><\/p>\n<p>Sie k\u00f6nnen Ihre Browser-Einstellung entsprechend Ihren W\u00fcnschen konfigurieren und z.\u2009B. die Annahme von Third-Party-Cookies oder allen Cookies ablehnen. Wir weisen Sie darauf hin, dass Sie eventuell nicht alle Funktionen dieser Website nutzen k\u00f6nnen.<\/p>\n<p>&nbsp;<\/p>\n<p><strong>Einbindung von Google Maps<\/strong><\/p>\n<ol>\n<li>Auf dieser Webseite nutzen wir das Angebot von Google Maps. Dadurch k\u00f6nnen wir Ihnen interaktive Karten direkt in der Website anzeigen und erm\u00f6glichen Ihnen die komfortable Nutzung der Karten-Funktion. Durch den Besuch auf der Website erh\u00e4lt Google die Information, dass Sie die entsprechende Unterseite unserer Website aufgerufen haben. Zudem werden die unter (3) dieses Abschnitts genannten Daten \u00fcbermittelt.<\/li>\n<li>Dies erfolgt unabh\u00e4ngig davon, ob Google ein Nutzerkonto bereitstellt, \u00fcber das Sie eingeloggt sind, oder ob kein Nutzerkonto besteht. Wenn Sie bei Google eingeloggt sind, werden Ihre Daten direkt Ihrem Konto zugeordnet. Wenn Sie die Zuordnung mit Ihrem Profil bei Google nicht w\u00fcnschen, m\u00fcssen Sie sich vor Aktivierung des Buttons ausloggen. Google speichert Ihre Daten als Nutzungsprofile und nutzt sie f\u00fcr Zwecke der Werbung, Marktforschung und\/oder bedarfsgerechten Gestaltung seiner Website. Eine solche Auswertung erfolgt insbesondere (selbst f\u00fcr nicht eingeloggte Nutzer) zur Erbringung von bedarfsgerechter Werbung und um andere Nutzer des sozialen Netzwerks \u00fcber Ihre Aktivit\u00e4ten auf unserer Website zu informieren. Ihnen steht ein Widerspruchsrecht zu gegen die Bildung dieser Nutzerprofile, wobei Sie sich zur Aus\u00fcbung dessen an Google richten m\u00fcssen.<\/li>\n<li>Weitere Informationen zu Zweck und Umfang der Datenerhebung und ihrer Verarbeitung durch den Plug-in-Anbieter erhalten Sie in den Datenschutzerkl\u00e4rungen des Anbieters. Dort erhalten Sie auch weitere Informationen zu Ihren diesbez\u00fcglichen Rechten und Einstellungsm\u00f6glichkeiten zum Schutze Ihrer Privatsph\u00e4re: http:\/\/www.google.de\/intl\/de\/policies\/privacy. Google verarbeitet Ihre personenbezogenen Daten auch in den USA und hat sich dem EU-US Privacy Shield unterworfen, https:\/\/www.privacyshield.gov\/EU-US-Framework. Unsere Rechtsgrundlage: Art. 6 Abs. 1 lit. f.<\/li>\n<\/ol>\n<p>&nbsp;<\/p>\n<p><strong>Einbindung von YouTube-Videos<\/strong><\/p>\n<ol>\n<li>Wir haben YouTube-Videos in unser Online-Angebot eingebunden, die auf http:\/\/www.YouTube.com gespeichert sind und von unserer Website aus direkt abspielbar sind. Diese sind alle im \u201eerweiterten Datenschutz-Modus\u201c eingebunden, d.\u2009h. dass keine Daten \u00fcber Sie als Nutzer an YouTube \u00fcbertragen werden, wenn Sie die Videos nicht abspielen. Erst wenn Sie die Videos abspielen, werden die in Absatz 2 genannten Daten \u00fcbertragen. Auf diese Daten\u00fcbertragung haben wir keinen Einfluss.<\/li>\n<li>Durch den Besuch auf der Website erh\u00e4lt YouTube die Information, dass Sie die entsprechende Unterseite unserer Website aufgerufen haben. Zudem werden die unter (3) dieses Abschnitts genannten Daten \u00fcbermittelt. Dies erfolgt unabh\u00e4ngig davon, ob YouTube ein Nutzerkonto bereitstellt, \u00fcber das Sie eingeloggt sind, oder ob kein Nutzerkonto besteht.<\/li>\n<li>Wenn Sie bei Google eingeloggt sind, werden Ihre Daten direkt Ihrem Konto zugeordnet. Wenn Sie die Zuordnung mit Ihrem Profil bei YouTube nicht w\u00fcnschen, m\u00fcssen Sie sich vor Aktivierung des Buttons ausloggen. YouTube speichert Ihre Daten als Nutzungsprofile und nutzt sie f\u00fcr Zwecke der Werbung, Marktforschung und\/oder bedarfsgerechten Gestaltung seiner Website. Eine solche Auswertung erfolgt insbesondere (selbst f\u00fcr nicht eingeloggte Nutzer) zur Erbringung von bedarfsgerechter Werbung und um andere Nutzer des sozialen Netzwerks \u00fcber Ihre Aktivit\u00e4ten auf unserer Website zu informieren.<\/li>\n<li>Ihnen steht ein Widerspruchsrecht zu gegen die Bildung dieser Nutzerprofile, wobei Sie sich zur Aus\u00fcbung dessen an YouTube richten m\u00fcssen. Weitere Informationen zu Zweck und Umfang der Datenerhebung und ihrer Verarbeitung durch YouTube erhalten Sie in der Datenschutzerkl\u00e4rung. Dort erhalten Sie auch weitere Informationen zu Ihren Rechten und Einstellungsm\u00f6glichkeiten zum Schutze Ihrer Privatsph\u00e4re: https:\/\/www.google.de\/intl\/de\/policies\/privacy. Google verarbeitet Ihre personenbezogenen Daten auch in den USA und hat sich dem EU-US-Privacy-Shield unterworfen, https:\/\/www.privacyshield.gov\/EU-US-Framework. Unsere Rechtsgrundlage: Art. 6 Abs. 1 lit. f.<\/li>\n<\/ol>\n<p>&nbsp;<\/p>\n<p><strong>Ihre Rechte<\/strong><\/p>\n<p>Sie haben gegen\u00fcber uns folgende Rechte hinsichtlich der Sie betreffenden personenbezogenen Daten:<\/p>\n<ul>\n<li>Recht auf Auskunft, Berichtigung und L\u00f6schung<\/li>\n<li>Recht auf Einschr\u00e4nkung der Verarbeitung<\/li>\n<li>Recht auf Widerspruch gegen die Verarbeitung<\/li>\n<li>Recht auf Daten\u00fcbertragbarkeit<\/li>\n<\/ul>\n<p>&nbsp;<\/p>\n<p>Sie haben zudem das Recht, sich bei der Aufsichtsbeh\u00f6rde, das ist die \u00f6sterreichische Datenschutzbeh\u00f6rde, zu beschweren: \u00d6sterreichische Datenschutzbeh\u00f6rde, Wickenburggasse 8, 1080 Wien, Telefon: +43 1 52 152-0, E-Mail: dsb@dsb.gv.at<\/p>\n<p>&nbsp;<\/p>\n                        <\/div>\r\n                    \r\n                                    <\/div>\r\n            <\/div>\r\n        <\/div>\r\n    <\/section>\r\n","protected":false},"excerpt":{"rendered":"","protected":false},"author":1,"featured_media":0,"parent":0,"menu_order":0,"comment_status":"closed","ping_status":"closed","template":"","meta":{"footnotes":""},"class_list":["post-1007","page","type-page","status-publish","hentry"],"acf":[],"_links":{"self":[{"href":"https:\/\/wertheim-new.rrota.com\/en\/wp-json\/wp\/v2\/pages\/1007","targetHints":{"allow":["GET"]}}],"collection":[{"href":"https:\/\/wertheim-new.rrota.com\/en\/wp-json\/wp\/v2\/pages"}],"about":[{"href":"https:\/\/wertheim-new.rrota.com\/en\/wp-json\/wp\/v2\/types\/page"}],"author":[{"embeddable":true,"href":"https:\/\/wertheim-new.rrota.com\/en\/wp-json\/wp\/v2\/users\/1"}],"replies":[{"embeddable":true,"href":"https:\/\/wertheim-new.rrota.com\/en\/wp-json\/wp\/v2\/comments?post=1007"}],"version-history":[{"count":9,"href":"https:\/\/wertheim-new.rrota.com\/en\/wp-json\/wp\/v2\/pages\/1007\/revisions"}],"predecessor-version":[{"id":1481,"href":"https:\/\/wertheim-new.rrota.com\/en\/wp-json\/wp\/v2\/pages\/1007\/revisions\/1481"}],"wp:attachment":[{"href":"https:\/\/wertheim-new.rrota.com\/en\/wp-json\/wp\/v2\/media?parent=1007"}],"curies":[{"name":"wp","href":"https:\/\/api.w.org\/{rel}","templated":true}]}}